{"id":1892,"date":"2022-04-10T16:02:28","date_gmt":"2022-04-10T15:02:28","guid":{"rendered":"https:\/\/www.hgb.de\/impressum\/"},"modified":"2022-06-28T16:12:04","modified_gmt":"2022-06-28T15:12:04","slug":"impressum","status":"publish","type":"page","link":"https:\/\/www.hgb.de\/en\/impressum\/","title":{"rendered":"Imprint"},"content":{"rendered":"<div class=\"wpb_text_column wpb_content_element \">\n<div class=\"wpb_wrapper\">\n<h2>IMPRESSUM<\/h2>\n<p>&nbsp;<\/p>\n<p>HGB Hamburger Gesch\u00e4ftsberichte GmbH &amp; Co. KG<br \/>\nRentzelstra\u00dfe 10a | D-20146 Hamburg<\/p>\n<p>Gesch\u00e4ftsf\u00fchrung:\u00a0Peter Poppe, Olaf K\u00f6hnke<br \/>\nUSt.-Ident-Nr. DE 176 658 061<br \/>\nAmtsgericht Hamburg * HRA 89 250<br \/>\nphG: HGB Hamburger Gesch\u00e4ftsberichte<br \/>\nBeteiligungsgesellschaft mbH * HRB 60 270<\/p>\n<p>Datenschutz:<br \/>\nRechtsanw\u00e4ltin Corinna Lovens LL.M.<br \/>\nWaterside DS GmbH<br \/>\nBergstra\u00dfe 28<br \/>\n20095 Hamburg<br \/>\n<a href=\"mailto:lovens@ra-lovens.de\">lovens@ra-lovens.de<\/a><\/p>\n<p>Haftungsausschluss:<br \/>\nDie bereitgestellten Informationen auf dieser Website wurden sorgf\u00e4ltig gepr\u00fcft und werden regelm\u00e4\u00dfig aktualisiert. Jedoch kann keine Garantie daf\u00fcr \u00fcbernommen werden, dass alle Angaben zu jeder Zeit vollst\u00e4ndig, richtig und in letzter Aktualit\u00e4t dargestellt sind. Dies gilt insbesondere f\u00fcr alle Verbindungen (\u201eLinks\u201c) zu anderen Websites, auf die direkt oder indirekt verwiesen wird. Alle Angaben k\u00f6nnen ohne vorherige Ank\u00fcndigung ge\u00e4ndert, entfernt oder erg\u00e4nzt werden.<\/p>\n<p>\u00a9 2012-2022 HGB Hamburger Gesch\u00e4ftsberichte GmbH &amp; Co. KG.<br \/>\nAlle Rechte vorbehalten. Stand November 2021. Alle Angaben ohne Gew\u00e4hr.<\/p>\n<\/div>\n<\/div>\n","protected":false},"excerpt":{"rendered":"<p>IMPRESSUM &nbsp; HGB Hamburger Gesch\u00e4ftsberichte GmbH &amp; Co. KG Rentzelstra\u00dfe 10a | D-20146 Hamburg Gesch\u00e4ftsf\u00fchrung:\u00a0Peter Poppe, Olaf K\u00f6hnke USt.-Ident-Nr. DE 176 658 061 Amtsgericht Hamburg * HRA 89 250 phG: HGB Hamburger Gesch\u00e4ftsberichte Beteiligungsgesellschaft mbH * HRB 60 270 Datenschutz: Rechtsanw\u00e4ltin Corinna Lovens LL.M. Waterside DS GmbH Bergstra\u00dfe 28 20095 Hamburg lovens@ra-lovens.de Haftungsausschluss: Die bereitgestellten [&hellip;]<\/p>\n","protected":false},"author":7,"featured_media":0,"parent":0,"menu_order":0,"comment_status":"closed","ping_status":"closed","template":"","meta":{"inline_featured_image":false,"footnotes":""},"class_list":["post-1892","page","type-page","status-publish","hentry"],"acf":[],"yoast_head":"<!-- This site is optimized with the Yoast SEO plugin v26.8 - https:\/\/yoast.com\/product\/yoast-seo-wordpress\/ -->\n<title>Imprint | HGB<\/title>\n<meta name=\"robots\" content=\"index, follow, max-snippet:-1, max-image-preview:large, max-video-preview:-1\" \/>\n<link rel=\"canonical\" href=\"https:\/\/www.hgb.de\/en\/impressum\/\" \/>\n<meta property=\"og:locale\" content=\"en_US\" \/>\n<meta property=\"og:type\" content=\"article\" \/>\n<meta property=\"og:title\" content=\"Imprint | HGB\" \/>\n<meta property=\"og:description\" content=\"IMPRESSUM &nbsp; HGB Hamburger Gesch\u00e4ftsberichte GmbH &amp; Co. KG Rentzelstra\u00dfe 10a | D-20146 Hamburg Gesch\u00e4ftsf\u00fchrung:\u00a0Peter Poppe, Olaf K\u00f6hnke USt.-Ident-Nr. DE 176 658 061 Amtsgericht Hamburg * HRA 89 250 phG: HGB Hamburger Gesch\u00e4ftsberichte Beteiligungsgesellschaft mbH * HRB 60 270 Datenschutz: Rechtsanw\u00e4ltin Corinna Lovens LL.M. Waterside DS GmbH Bergstra\u00dfe 28 20095 Hamburg lovens@ra-lovens.de Haftungsausschluss: Die bereitgestellten [&hellip;]\" \/>\n<meta property=\"og:url\" content=\"https:\/\/www.hgb.de\/en\/impressum\/\" \/>\n<meta property=\"og:site_name\" content=\"HGB\" \/>\n<meta property=\"article:modified_time\" content=\"2022-06-28T15:12:04+00:00\" \/>\n<meta name=\"twitter:card\" content=\"summary_large_image\" \/>\n<meta name=\"twitter:site\" content=\"@hgb_reporting\" \/>\n<meta name=\"twitter:label1\" content=\"Est. reading time\" \/>\n\t<meta name=\"twitter:data1\" content=\"1 minute\" \/>\n<script type=\"application\/ld+json\" class=\"yoast-schema-graph\">{\"@context\":\"https:\/\/schema.org\",\"@graph\":[{\"@type\":\"WebPage\",\"@id\":\"https:\/\/www.hgb.de\/en\/impressum\/\",\"url\":\"https:\/\/www.hgb.de\/en\/impressum\/\",\"name\":\"Imprint | HGB\",\"isPartOf\":{\"@id\":\"https:\/\/www.hgb.de\/#website\"},\"datePublished\":\"2022-04-10T15:02:28+00:00\",\"dateModified\":\"2022-06-28T15:12:04+00:00\",\"breadcrumb\":{\"@id\":\"https:\/\/www.hgb.de\/en\/impressum\/#breadcrumb\"},\"inLanguage\":\"en-US\",\"potentialAction\":[{\"@type\":\"ReadAction\",\"target\":[\"https:\/\/www.hgb.de\/en\/impressum\/\"]}]},{\"@type\":\"BreadcrumbList\",\"@id\":\"https:\/\/www.hgb.de\/en\/impressum\/#breadcrumb\",\"itemListElement\":[{\"@type\":\"ListItem\",\"position\":1,\"name\":\"Startseite\",\"item\":\"https:\/\/www.hgb.de\/en\/\"},{\"@type\":\"ListItem\",\"position\":2,\"name\":\"Imprint\"}]},{\"@type\":\"WebSite\",\"@id\":\"https:\/\/www.hgb.de\/#website\",\"url\":\"https:\/\/www.hgb.de\/\",\"name\":\"HGB\",\"description\":\"Reporting mit Herz und Leidenschaft\",\"publisher\":{\"@id\":\"https:\/\/www.hgb.de\/#organization\"},\"potentialAction\":[{\"@type\":\"SearchAction\",\"target\":{\"@type\":\"EntryPoint\",\"urlTemplate\":\"https:\/\/www.hgb.de\/?s={search_term_string}\"},\"query-input\":{\"@type\":\"PropertyValueSpecification\",\"valueRequired\":true,\"valueName\":\"search_term_string\"}}],\"inLanguage\":\"en-US\"},{\"@type\":\"Organization\",\"@id\":\"https:\/\/www.hgb.de\/#organization\",\"name\":\"HGB\",\"url\":\"https:\/\/www.hgb.de\/\",\"logo\":{\"@type\":\"ImageObject\",\"inLanguage\":\"en-US\",\"@id\":\"https:\/\/www.hgb.de\/#\/schema\/logo\/image\/\",\"url\":\"https:\/\/www.hgb.de\/wp-content\/uploads\/2022\/04\/logo.svg\",\"contentUrl\":\"https:\/\/www.hgb.de\/wp-content\/uploads\/2022\/04\/logo.svg\",\"width\":80,\"height\":26,\"caption\":\"HGB\"},\"image\":{\"@id\":\"https:\/\/www.hgb.de\/#\/schema\/logo\/image\/\"},\"sameAs\":[\"https:\/\/x.com\/hgb_reporting\",\"https:\/\/www.linkedin.com\/company\/hgb-hamburger-geschftsberichte-gmbh\/\",\"https:\/\/www.xing.com\/pages\/hgbhamburgergeschaftsberichtegmbh-co-kg\",\"https:\/\/www.instagram.com\/hgb_reporting\/\"]}]}<\/script>\n<!-- \/ Yoast SEO plugin. -->","yoast_head_json":{"title":"Imprint | HGB","robots":{"index":"index","follow":"follow","max-snippet":"max-snippet:-1","max-image-preview":"max-image-preview:large","max-video-preview":"max-video-preview:-1"},"canonical":"https:\/\/www.hgb.de\/en\/impressum\/","og_locale":"en_US","og_type":"article","og_title":"Imprint | HGB","og_description":"IMPRESSUM &nbsp; HGB Hamburger Gesch\u00e4ftsberichte GmbH &amp; Co. KG Rentzelstra\u00dfe 10a | D-20146 Hamburg Gesch\u00e4ftsf\u00fchrung:\u00a0Peter Poppe, Olaf K\u00f6hnke USt.-Ident-Nr. DE 176 658 061 Amtsgericht Hamburg * HRA 89 250 phG: HGB Hamburger Gesch\u00e4ftsberichte Beteiligungsgesellschaft mbH * HRB 60 270 Datenschutz: Rechtsanw\u00e4ltin Corinna Lovens LL.M. Waterside DS GmbH Bergstra\u00dfe 28 20095 Hamburg lovens@ra-lovens.de Haftungsausschluss: Die bereitgestellten [&hellip;]","og_url":"https:\/\/www.hgb.de\/en\/impressum\/","og_site_name":"HGB","article_modified_time":"2022-06-28T15:12:04+00:00","twitter_card":"summary_large_image","twitter_site":"@hgb_reporting","twitter_misc":{"Est. reading time":"1 minute"},"schema":{"@context":"https:\/\/schema.org","@graph":[{"@type":"WebPage","@id":"https:\/\/www.hgb.de\/en\/impressum\/","url":"https:\/\/www.hgb.de\/en\/impressum\/","name":"Imprint | HGB","isPartOf":{"@id":"https:\/\/www.hgb.de\/#website"},"datePublished":"2022-04-10T15:02:28+00:00","dateModified":"2022-06-28T15:12:04+00:00","breadcrumb":{"@id":"https:\/\/www.hgb.de\/en\/impressum\/#breadcrumb"},"inLanguage":"en-US","potentialAction":[{"@type":"ReadAction","target":["https:\/\/www.hgb.de\/en\/impressum\/"]}]},{"@type":"BreadcrumbList","@id":"https:\/\/www.hgb.de\/en\/impressum\/#breadcrumb","itemListElement":[{"@type":"ListItem","position":1,"name":"Startseite","item":"https:\/\/www.hgb.de\/en\/"},{"@type":"ListItem","position":2,"name":"Imprint"}]},{"@type":"WebSite","@id":"https:\/\/www.hgb.de\/#website","url":"https:\/\/www.hgb.de\/","name":"HGB","description":"Reporting mit Herz und Leidenschaft","publisher":{"@id":"https:\/\/www.hgb.de\/#organization"},"potentialAction":[{"@type":"SearchAction","target":{"@type":"EntryPoint","urlTemplate":"https:\/\/www.hgb.de\/?s={search_term_string}"},"query-input":{"@type":"PropertyValueSpecification","valueRequired":true,"valueName":"search_term_string"}}],"inLanguage":"en-US"},{"@type":"Organization","@id":"https:\/\/www.hgb.de\/#organization","name":"HGB","url":"https:\/\/www.hgb.de\/","logo":{"@type":"ImageObject","inLanguage":"en-US","@id":"https:\/\/www.hgb.de\/#\/schema\/logo\/image\/","url":"https:\/\/www.hgb.de\/wp-content\/uploads\/2022\/04\/logo.svg","contentUrl":"https:\/\/www.hgb.de\/wp-content\/uploads\/2022\/04\/logo.svg","width":80,"height":26,"caption":"HGB"},"image":{"@id":"https:\/\/www.hgb.de\/#\/schema\/logo\/image\/"},"sameAs":["https:\/\/x.com\/hgb_reporting","https:\/\/www.linkedin.com\/company\/hgb-hamburger-geschftsberichte-gmbh\/","https:\/\/www.xing.com\/pages\/hgbhamburgergeschaftsberichtegmbh-co-kg","https:\/\/www.instagram.com\/hgb_reporting\/"]}]}},"_links":{"self":[{"href":"https:\/\/www.hgb.de\/en\/wp-json\/wp\/v2\/pages\/1892","targetHints":{"allow":["GET"]}}],"collection":[{"href":"https:\/\/www.hgb.de\/en\/wp-json\/wp\/v2\/pages"}],"about":[{"href":"https:\/\/www.hgb.de\/en\/wp-json\/wp\/v2\/types\/page"}],"author":[{"embeddable":true,"href":"https:\/\/www.hgb.de\/en\/wp-json\/wp\/v2\/users\/7"}],"replies":[{"embeddable":true,"href":"https:\/\/www.hgb.de\/en\/wp-json\/wp\/v2\/comments?post=1892"}],"version-history":[{"count":1,"href":"https:\/\/www.hgb.de\/en\/wp-json\/wp\/v2\/pages\/1892\/revisions"}],"predecessor-version":[{"id":2378,"href":"https:\/\/www.hgb.de\/en\/wp-json\/wp\/v2\/pages\/1892\/revisions\/2378"}],"wp:attachment":[{"href":"https:\/\/www.hgb.de\/en\/wp-json\/wp\/v2\/media?parent=1892"}],"curies":[{"name":"wp","href":"https:\/\/api.w.org\/{rel}","templated":true}]}}