{"id":1893,"date":"2022-05-09T15:21:05","date_gmt":"2022-05-09T14:21:05","guid":{"rendered":"https:\/\/www.hgb.de\/kontakt\/"},"modified":"2022-08-10T20:38:38","modified_gmt":"2022-08-10T19:38:38","slug":"kontakt","status":"publish","type":"page","link":"https:\/\/www.hgb.de\/en\/kontakt\/","title":{"rendered":"Contact"},"content":{"rendered":"","protected":false},"excerpt":{"rendered":"","protected":false},"author":2,"featured_media":2251,"parent":0,"menu_order":0,"comment_status":"closed","ping_status":"closed","template":"","meta":{"inline_featured_image":false,"footnotes":""},"class_list":["post-1893","page","type-page","status-publish","has-post-thumbnail","hentry"],"acf":[],"yoast_head":"<!-- This site is optimized with the Yoast SEO plugin v26.8 - https:\/\/yoast.com\/product\/yoast-seo-wordpress\/ -->\n<title>Contact | HGB<\/title>\n<meta name=\"description\" content=\"HGB Hamburger Gesch\u00e4ftsberichte GmbH &amp; Co. KG - Rentzelstra\u00dfe 10a 20146 Hamburg - Email moin@hgb.de\" \/>\n<meta name=\"robots\" content=\"index, follow, max-snippet:-1, max-image-preview:large, max-video-preview:-1\" \/>\n<link rel=\"canonical\" href=\"https:\/\/www.hgb.de\/en\/kontakt\/\" \/>\n<meta property=\"og:locale\" content=\"en_US\" \/>\n<meta property=\"og:type\" content=\"article\" \/>\n<meta property=\"og:title\" content=\"Contact | HGB\" \/>\n<meta property=\"og:description\" content=\"HGB Hamburger Gesch\u00e4ftsberichte GmbH &amp; Co. KG - Rentzelstra\u00dfe 10a 20146 Hamburg - Email moin@hgb.de\" \/>\n<meta property=\"og:url\" content=\"https:\/\/www.hgb.de\/en\/kontakt\/\" \/>\n<meta property=\"og:site_name\" content=\"HGB\" \/>\n<meta property=\"article:modified_time\" content=\"2022-08-10T19:38:38+00:00\" \/>\n<meta property=\"og:image\" content=\"https:\/\/www.hgb.de\/wp-content\/uploads\/2022\/06\/HGB_22_2_07864.jpg\" \/>\n\t<meta property=\"og:image:width\" content=\"552\" \/>\n\t<meta property=\"og:image:height\" content=\"369\" \/>\n\t<meta property=\"og:image:type\" content=\"image\/jpeg\" \/>\n<meta name=\"twitter:card\" content=\"summary_large_image\" \/>\n<meta name=\"twitter:title\" content=\"Contact | HGB\" \/>\n<meta name=\"twitter:description\" content=\"HGB Hamburger Gesch\u00e4ftsberichte GmbH &amp; Co. KG - Rentzelstra\u00dfe 10a 20146 Hamburg - Email moin@hgb.de\" \/>\n<meta name=\"twitter:image\" content=\"https:\/\/www.hgb.de\/wp-content\/uploads\/2022\/06\/HGB_22_2_07864.jpg\" \/>\n<meta name=\"twitter:site\" content=\"@hgb_reporting\" \/>\n<script type=\"application\/ld+json\" class=\"yoast-schema-graph\">{\"@context\":\"https:\/\/schema.org\",\"@graph\":[{\"@type\":\"WebPage\",\"@id\":\"https:\/\/www.hgb.de\/en\/kontakt\/\",\"url\":\"https:\/\/www.hgb.de\/en\/kontakt\/\",\"name\":\"Contact | HGB\",\"isPartOf\":{\"@id\":\"https:\/\/www.hgb.de\/#website\"},\"primaryImageOfPage\":{\"@id\":\"https:\/\/www.hgb.de\/en\/kontakt\/#primaryimage\"},\"image\":{\"@id\":\"https:\/\/www.hgb.de\/en\/kontakt\/#primaryimage\"},\"thumbnailUrl\":\"https:\/\/www.hgb.de\/wp-content\/uploads\/2022\/06\/HGB_22_2_07864.jpg\",\"datePublished\":\"2022-05-09T14:21:05+00:00\",\"dateModified\":\"2022-08-10T19:38:38+00:00\",\"description\":\"HGB Hamburger Gesch\u00e4ftsberichte GmbH & Co. KG - Rentzelstra\u00dfe 10a 20146 Hamburg - Email moin@hgb.de\",\"breadcrumb\":{\"@id\":\"https:\/\/www.hgb.de\/en\/kontakt\/#breadcrumb\"},\"inLanguage\":\"en-US\",\"potentialAction\":[{\"@type\":\"ReadAction\",\"target\":[\"https:\/\/www.hgb.de\/en\/kontakt\/\"]}]},{\"@type\":\"ImageObject\",\"inLanguage\":\"en-US\",\"@id\":\"https:\/\/www.hgb.de\/en\/kontakt\/#primaryimage\",\"url\":\"https:\/\/www.hgb.de\/wp-content\/uploads\/2022\/06\/HGB_22_2_07864.jpg\",\"contentUrl\":\"https:\/\/www.hgb.de\/wp-content\/uploads\/2022\/06\/HGB_22_2_07864.jpg\",\"width\":552,\"height\":369,\"caption\":\"Person arbeitet an einem gro\u00dfen Bildschirm in einem hellen B\u00fcro mit wei\u00dfen Regalen im Hintergrund.\"},{\"@type\":\"BreadcrumbList\",\"@id\":\"https:\/\/www.hgb.de\/en\/kontakt\/#breadcrumb\",\"itemListElement\":[{\"@type\":\"ListItem\",\"position\":1,\"name\":\"Startseite\",\"item\":\"https:\/\/www.hgb.de\/en\/\"},{\"@type\":\"ListItem\",\"position\":2,\"name\":\"Contact\"}]},{\"@type\":\"WebSite\",\"@id\":\"https:\/\/www.hgb.de\/#website\",\"url\":\"https:\/\/www.hgb.de\/\",\"name\":\"HGB\",\"description\":\"Reporting mit Herz und Leidenschaft\",\"publisher\":{\"@id\":\"https:\/\/www.hgb.de\/#organization\"},\"potentialAction\":[{\"@type\":\"SearchAction\",\"target\":{\"@type\":\"EntryPoint\",\"urlTemplate\":\"https:\/\/www.hgb.de\/?s={search_term_string}\"},\"query-input\":{\"@type\":\"PropertyValueSpecification\",\"valueRequired\":true,\"valueName\":\"search_term_string\"}}],\"inLanguage\":\"en-US\"},{\"@type\":\"Organization\",\"@id\":\"https:\/\/www.hgb.de\/#organization\",\"name\":\"HGB\",\"url\":\"https:\/\/www.hgb.de\/\",\"logo\":{\"@type\":\"ImageObject\",\"inLanguage\":\"en-US\",\"@id\":\"https:\/\/www.hgb.de\/#\/schema\/logo\/image\/\",\"url\":\"https:\/\/www.hgb.de\/wp-content\/uploads\/2022\/04\/logo.svg\",\"contentUrl\":\"https:\/\/www.hgb.de\/wp-content\/uploads\/2022\/04\/logo.svg\",\"width\":80,\"height\":26,\"caption\":\"HGB\"},\"image\":{\"@id\":\"https:\/\/www.hgb.de\/#\/schema\/logo\/image\/\"},\"sameAs\":[\"https:\/\/x.com\/hgb_reporting\",\"https:\/\/www.linkedin.com\/company\/hgb-hamburger-geschftsberichte-gmbh\/\",\"https:\/\/www.xing.com\/pages\/hgbhamburgergeschaftsberichtegmbh-co-kg\",\"https:\/\/www.instagram.com\/hgb_reporting\/\"]}]}<\/script>\n<!-- \/ Yoast SEO plugin. -->","yoast_head_json":{"title":"Contact | HGB","description":"HGB Hamburger Gesch\u00e4ftsberichte GmbH & Co. KG - Rentzelstra\u00dfe 10a 20146 Hamburg - Email moin@hgb.de","robots":{"index":"index","follow":"follow","max-snippet":"max-snippet:-1","max-image-preview":"max-image-preview:large","max-video-preview":"max-video-preview:-1"},"canonical":"https:\/\/www.hgb.de\/en\/kontakt\/","og_locale":"en_US","og_type":"article","og_title":"Contact | HGB","og_description":"HGB Hamburger Gesch\u00e4ftsberichte GmbH & Co. KG - Rentzelstra\u00dfe 10a 20146 Hamburg - Email moin@hgb.de","og_url":"https:\/\/www.hgb.de\/en\/kontakt\/","og_site_name":"HGB","article_modified_time":"2022-08-10T19:38:38+00:00","og_image":[{"width":552,"height":369,"url":"https:\/\/www.hgb.de\/wp-content\/uploads\/2022\/06\/HGB_22_2_07864.jpg","type":"image\/jpeg"}],"twitter_card":"summary_large_image","twitter_title":"Contact | HGB","twitter_description":"HGB Hamburger Gesch\u00e4ftsberichte GmbH & Co. KG - Rentzelstra\u00dfe 10a 20146 Hamburg - Email moin@hgb.de","twitter_image":"https:\/\/www.hgb.de\/wp-content\/uploads\/2022\/06\/HGB_22_2_07864.jpg","twitter_site":"@hgb_reporting","schema":{"@context":"https:\/\/schema.org","@graph":[{"@type":"WebPage","@id":"https:\/\/www.hgb.de\/en\/kontakt\/","url":"https:\/\/www.hgb.de\/en\/kontakt\/","name":"Contact | HGB","isPartOf":{"@id":"https:\/\/www.hgb.de\/#website"},"primaryImageOfPage":{"@id":"https:\/\/www.hgb.de\/en\/kontakt\/#primaryimage"},"image":{"@id":"https:\/\/www.hgb.de\/en\/kontakt\/#primaryimage"},"thumbnailUrl":"https:\/\/www.hgb.de\/wp-content\/uploads\/2022\/06\/HGB_22_2_07864.jpg","datePublished":"2022-05-09T14:21:05+00:00","dateModified":"2022-08-10T19:38:38+00:00","description":"HGB Hamburger Gesch\u00e4ftsberichte GmbH & Co. KG - Rentzelstra\u00dfe 10a 20146 Hamburg - Email moin@hgb.de","breadcrumb":{"@id":"https:\/\/www.hgb.de\/en\/kontakt\/#breadcrumb"},"inLanguage":"en-US","potentialAction":[{"@type":"ReadAction","target":["https:\/\/www.hgb.de\/en\/kontakt\/"]}]},{"@type":"ImageObject","inLanguage":"en-US","@id":"https:\/\/www.hgb.de\/en\/kontakt\/#primaryimage","url":"https:\/\/www.hgb.de\/wp-content\/uploads\/2022\/06\/HGB_22_2_07864.jpg","contentUrl":"https:\/\/www.hgb.de\/wp-content\/uploads\/2022\/06\/HGB_22_2_07864.jpg","width":552,"height":369,"caption":"Person arbeitet an einem gro\u00dfen Bildschirm in einem hellen B\u00fcro mit wei\u00dfen Regalen im Hintergrund."},{"@type":"BreadcrumbList","@id":"https:\/\/www.hgb.de\/en\/kontakt\/#breadcrumb","itemListElement":[{"@type":"ListItem","position":1,"name":"Startseite","item":"https:\/\/www.hgb.de\/en\/"},{"@type":"ListItem","position":2,"name":"Contact"}]},{"@type":"WebSite","@id":"https:\/\/www.hgb.de\/#website","url":"https:\/\/www.hgb.de\/","name":"HGB","description":"Reporting mit Herz und Leidenschaft","publisher":{"@id":"https:\/\/www.hgb.de\/#organization"},"potentialAction":[{"@type":"SearchAction","target":{"@type":"EntryPoint","urlTemplate":"https:\/\/www.hgb.de\/?s={search_term_string}"},"query-input":{"@type":"PropertyValueSpecification","valueRequired":true,"valueName":"search_term_string"}}],"inLanguage":"en-US"},{"@type":"Organization","@id":"https:\/\/www.hgb.de\/#organization","name":"HGB","url":"https:\/\/www.hgb.de\/","logo":{"@type":"ImageObject","inLanguage":"en-US","@id":"https:\/\/www.hgb.de\/#\/schema\/logo\/image\/","url":"https:\/\/www.hgb.de\/wp-content\/uploads\/2022\/04\/logo.svg","contentUrl":"https:\/\/www.hgb.de\/wp-content\/uploads\/2022\/04\/logo.svg","width":80,"height":26,"caption":"HGB"},"image":{"@id":"https:\/\/www.hgb.de\/#\/schema\/logo\/image\/"},"sameAs":["https:\/\/x.com\/hgb_reporting","https:\/\/www.linkedin.com\/company\/hgb-hamburger-geschftsberichte-gmbh\/","https:\/\/www.xing.com\/pages\/hgbhamburgergeschaftsberichtegmbh-co-kg","https:\/\/www.instagram.com\/hgb_reporting\/"]}]}},"_links":{"self":[{"href":"https:\/\/www.hgb.de\/en\/wp-json\/wp\/v2\/pages\/1893","targetHints":{"allow":["GET"]}}],"collection":[{"href":"https:\/\/www.hgb.de\/en\/wp-json\/wp\/v2\/pages"}],"about":[{"href":"https:\/\/www.hgb.de\/en\/wp-json\/wp\/v2\/types\/page"}],"author":[{"embeddable":true,"href":"https:\/\/www.hgb.de\/en\/wp-json\/wp\/v2\/users\/2"}],"replies":[{"embeddable":true,"href":"https:\/\/www.hgb.de\/en\/wp-json\/wp\/v2\/comments?post=1893"}],"version-history":[{"count":1,"href":"https:\/\/www.hgb.de\/en\/wp-json\/wp\/v2\/pages\/1893\/revisions"}],"predecessor-version":[{"id":2359,"href":"https:\/\/www.hgb.de\/en\/wp-json\/wp\/v2\/pages\/1893\/revisions\/2359"}],"wp:featuredmedia":[{"embeddable":true,"href":"https:\/\/www.hgb.de\/en\/wp-json\/wp\/v2\/media\/2251"}],"wp:attachment":[{"href":"https:\/\/www.hgb.de\/en\/wp-json\/wp\/v2\/media?parent=1893"}],"curies":[{"name":"wp","href":"https:\/\/api.w.org\/{rel}","templated":true}]}}