{"id":1895,"date":"2022-04-11T07:06:21","date_gmt":"2022-04-11T06:06:21","guid":{"rendered":"https:\/\/www.hgb.de\/news\/"},"modified":"2026-01-08T10:31:24","modified_gmt":"2026-01-08T09:31:24","slug":"news","status":"publish","type":"page","link":"https:\/\/www.hgb.de\/en\/news\/","title":{"rendered":"News"},"content":{"rendered":"","protected":false},"excerpt":{"rendered":"","protected":false},"author":7,"featured_media":3057,"parent":0,"menu_order":0,"comment_status":"closed","ping_status":"closed","template":"page-template\/template-news.php","meta":{"inline_featured_image":false,"footnotes":""},"class_list":["post-1895","page","type-page","status-publish","has-post-thumbnail","hentry"],"acf":[],"yoast_head":"<!-- This site is optimized with the Yoast SEO plugin v26.8 - https:\/\/yoast.com\/product\/yoast-seo-wordpress\/ -->\n<title>HGB News \u2013 Aktuelles zu Reporting, Nachhaltigkeit &amp; Design<\/title>\n<meta name=\"description\" content=\"Bleiben Sie informiert: Bei HGB erfahren Sie News und Fachbeitr\u00e4ge zu Unternehmens- und Nachhaltigkeits-Reporting, Design und digitaler Kommunikation. Aktualisiert regelm\u00e4\u00dfig mit Experteneinsichten.\" \/>\n<meta name=\"robots\" content=\"index, follow, max-snippet:-1, max-image-preview:large, max-video-preview:-1\" \/>\n<link rel=\"canonical\" href=\"https:\/\/www.hgb.de\/en\/news\/\" \/>\n<meta property=\"og:locale\" content=\"en_US\" \/>\n<meta property=\"og:type\" content=\"article\" \/>\n<meta property=\"og:title\" content=\"News | HGB\" \/>\n<meta property=\"og:description\" content=\"Vorstand mit oder ohne Krawatte? PDF, Print oder Online? Integriert oder kombiniert berichten? Gendern \u2013 ja oder nein?\" \/>\n<meta property=\"og:url\" content=\"https:\/\/www.hgb.de\/en\/news\/\" \/>\n<meta property=\"og:site_name\" content=\"HGB\" \/>\n<meta property=\"article:modified_time\" content=\"2026-01-08T09:31:24+00:00\" \/>\n<meta property=\"og:image\" content=\"https:\/\/www.hgb.de\/wp-content\/uploads\/2022\/07\/220705_hgb_visual_analyse_engl-e1658304238186.jpg\" \/>\n\t<meta property=\"og:image:width\" content=\"1088\" \/>\n\t<meta property=\"og:image:height\" content=\"782\" \/>\n\t<meta property=\"og:image:type\" content=\"image\/jpeg\" \/>\n<meta name=\"twitter:card\" content=\"summary_large_image\" \/>\n<meta name=\"twitter:title\" content=\"News | HGB\" \/>\n<meta name=\"twitter:description\" content=\"Vorstand mit oder ohne Krawatte? PDF, Print oder Online? Integriert oder kombiniert berichten? Gendern \u2013 ja oder nein?\" \/>\n<meta name=\"twitter:image\" content=\"https:\/\/www.hgb.de\/wp-content\/uploads\/2022\/07\/220705_hgb_visual_analyse_engl-e1658304238186.jpg\" \/>\n<meta name=\"twitter:site\" content=\"@hgb_reporting\" \/>\n<meta name=\"twitter:label1\" content=\"Est. reading time\" \/>\n\t<meta name=\"twitter:data1\" content=\"1 minute\" \/>\n<script type=\"application\/ld+json\" class=\"yoast-schema-graph\">{\"@context\":\"https:\/\/schema.org\",\"@graph\":[{\"@type\":\"WebPage\",\"@id\":\"https:\/\/www.hgb.de\/en\/news\/\",\"url\":\"https:\/\/www.hgb.de\/en\/news\/\",\"name\":\"HGB News \u2013 Aktuelles zu Reporting, Nachhaltigkeit & Design\",\"isPartOf\":{\"@id\":\"https:\/\/www.hgb.de\/#website\"},\"primaryImageOfPage\":{\"@id\":\"https:\/\/www.hgb.de\/en\/news\/#primaryimage\"},\"image\":{\"@id\":\"https:\/\/www.hgb.de\/en\/news\/#primaryimage\"},\"thumbnailUrl\":\"https:\/\/www.hgb.de\/wp-content\/uploads\/2022\/07\/220705_hgb_visual_analyse_engl-e1658304238186.jpg\",\"datePublished\":\"2022-04-11T06:06:21+00:00\",\"dateModified\":\"2026-01-08T09:31:24+00:00\",\"description\":\"Bleiben Sie informiert: Bei HGB erfahren Sie News und Fachbeitr\u00e4ge zu Unternehmens- und Nachhaltigkeits-Reporting, Design und digitaler Kommunikation. Aktualisiert regelm\u00e4\u00dfig mit Experteneinsichten.\",\"breadcrumb\":{\"@id\":\"https:\/\/www.hgb.de\/en\/news\/#breadcrumb\"},\"inLanguage\":\"en-US\",\"potentialAction\":[{\"@type\":\"ReadAction\",\"target\":[\"https:\/\/www.hgb.de\/en\/news\/\"]}]},{\"@type\":\"ImageObject\",\"inLanguage\":\"en-US\",\"@id\":\"https:\/\/www.hgb.de\/en\/news\/#primaryimage\",\"url\":\"https:\/\/www.hgb.de\/wp-content\/uploads\/2022\/07\/220705_hgb_visual_analyse_engl-e1658304238186.jpg\",\"contentUrl\":\"https:\/\/www.hgb.de\/wp-content\/uploads\/2022\/07\/220705_hgb_visual_analyse_engl-e1658304238186.jpg\",\"width\":850,\"height\":611},{\"@type\":\"BreadcrumbList\",\"@id\":\"https:\/\/www.hgb.de\/en\/news\/#breadcrumb\",\"itemListElement\":[{\"@type\":\"ListItem\",\"position\":1,\"name\":\"Startseite\",\"item\":\"https:\/\/www.hgb.de\/en\/\"},{\"@type\":\"ListItem\",\"position\":2,\"name\":\"News\"}]},{\"@type\":\"WebSite\",\"@id\":\"https:\/\/www.hgb.de\/#website\",\"url\":\"https:\/\/www.hgb.de\/\",\"name\":\"HGB\",\"description\":\"Reporting mit Herz und Leidenschaft\",\"publisher\":{\"@id\":\"https:\/\/www.hgb.de\/#organization\"},\"potentialAction\":[{\"@type\":\"SearchAction\",\"target\":{\"@type\":\"EntryPoint\",\"urlTemplate\":\"https:\/\/www.hgb.de\/?s={search_term_string}\"},\"query-input\":{\"@type\":\"PropertyValueSpecification\",\"valueRequired\":true,\"valueName\":\"search_term_string\"}}],\"inLanguage\":\"en-US\"},{\"@type\":\"Organization\",\"@id\":\"https:\/\/www.hgb.de\/#organization\",\"name\":\"HGB\",\"url\":\"https:\/\/www.hgb.de\/\",\"logo\":{\"@type\":\"ImageObject\",\"inLanguage\":\"en-US\",\"@id\":\"https:\/\/www.hgb.de\/#\/schema\/logo\/image\/\",\"url\":\"https:\/\/www.hgb.de\/wp-content\/uploads\/2022\/04\/logo.svg\",\"contentUrl\":\"https:\/\/www.hgb.de\/wp-content\/uploads\/2022\/04\/logo.svg\",\"width\":80,\"height\":26,\"caption\":\"HGB\"},\"image\":{\"@id\":\"https:\/\/www.hgb.de\/#\/schema\/logo\/image\/\"},\"sameAs\":[\"https:\/\/x.com\/hgb_reporting\",\"https:\/\/www.linkedin.com\/company\/hgb-hamburger-geschftsberichte-gmbh\/\",\"https:\/\/www.xing.com\/pages\/hgbhamburgergeschaftsberichtegmbh-co-kg\",\"https:\/\/www.instagram.com\/hgb_reporting\/\"]}]}<\/script>\n<!-- \/ Yoast SEO plugin. -->","yoast_head_json":{"title":"HGB News \u2013 Aktuelles zu Reporting, Nachhaltigkeit & Design","description":"Bleiben Sie informiert: Bei HGB erfahren Sie News und Fachbeitr\u00e4ge zu Unternehmens- und Nachhaltigkeits-Reporting, Design und digitaler Kommunikation. Aktualisiert regelm\u00e4\u00dfig mit Experteneinsichten.","robots":{"index":"index","follow":"follow","max-snippet":"max-snippet:-1","max-image-preview":"max-image-preview:large","max-video-preview":"max-video-preview:-1"},"canonical":"https:\/\/www.hgb.de\/en\/news\/","og_locale":"en_US","og_type":"article","og_title":"News | HGB","og_description":"Vorstand mit oder ohne Krawatte? PDF, Print oder Online? Integriert oder kombiniert berichten? Gendern \u2013 ja oder nein?","og_url":"https:\/\/www.hgb.de\/en\/news\/","og_site_name":"HGB","article_modified_time":"2026-01-08T09:31:24+00:00","og_image":[{"width":1088,"height":782,"url":"https:\/\/www.hgb.de\/wp-content\/uploads\/2022\/07\/220705_hgb_visual_analyse_engl-e1658304238186.jpg","type":"image\/jpeg"}],"twitter_card":"summary_large_image","twitter_title":"News | HGB","twitter_description":"Vorstand mit oder ohne Krawatte? PDF, Print oder Online? Integriert oder kombiniert berichten? Gendern \u2013 ja oder nein?","twitter_image":"https:\/\/www.hgb.de\/wp-content\/uploads\/2022\/07\/220705_hgb_visual_analyse_engl-e1658304238186.jpg","twitter_site":"@hgb_reporting","twitter_misc":{"Est. reading time":"1 minute"},"schema":{"@context":"https:\/\/schema.org","@graph":[{"@type":"WebPage","@id":"https:\/\/www.hgb.de\/en\/news\/","url":"https:\/\/www.hgb.de\/en\/news\/","name":"HGB News \u2013 Aktuelles zu Reporting, Nachhaltigkeit & Design","isPartOf":{"@id":"https:\/\/www.hgb.de\/#website"},"primaryImageOfPage":{"@id":"https:\/\/www.hgb.de\/en\/news\/#primaryimage"},"image":{"@id":"https:\/\/www.hgb.de\/en\/news\/#primaryimage"},"thumbnailUrl":"https:\/\/www.hgb.de\/wp-content\/uploads\/2022\/07\/220705_hgb_visual_analyse_engl-e1658304238186.jpg","datePublished":"2022-04-11T06:06:21+00:00","dateModified":"2026-01-08T09:31:24+00:00","description":"Bleiben Sie informiert: Bei HGB erfahren Sie News und Fachbeitr\u00e4ge zu Unternehmens- und Nachhaltigkeits-Reporting, Design und digitaler Kommunikation. Aktualisiert regelm\u00e4\u00dfig mit Experteneinsichten.","breadcrumb":{"@id":"https:\/\/www.hgb.de\/en\/news\/#breadcrumb"},"inLanguage":"en-US","potentialAction":[{"@type":"ReadAction","target":["https:\/\/www.hgb.de\/en\/news\/"]}]},{"@type":"ImageObject","inLanguage":"en-US","@id":"https:\/\/www.hgb.de\/en\/news\/#primaryimage","url":"https:\/\/www.hgb.de\/wp-content\/uploads\/2022\/07\/220705_hgb_visual_analyse_engl-e1658304238186.jpg","contentUrl":"https:\/\/www.hgb.de\/wp-content\/uploads\/2022\/07\/220705_hgb_visual_analyse_engl-e1658304238186.jpg","width":850,"height":611},{"@type":"BreadcrumbList","@id":"https:\/\/www.hgb.de\/en\/news\/#breadcrumb","itemListElement":[{"@type":"ListItem","position":1,"name":"Startseite","item":"https:\/\/www.hgb.de\/en\/"},{"@type":"ListItem","position":2,"name":"News"}]},{"@type":"WebSite","@id":"https:\/\/www.hgb.de\/#website","url":"https:\/\/www.hgb.de\/","name":"HGB","description":"Reporting mit Herz und Leidenschaft","publisher":{"@id":"https:\/\/www.hgb.de\/#organization"},"potentialAction":[{"@type":"SearchAction","target":{"@type":"EntryPoint","urlTemplate":"https:\/\/www.hgb.de\/?s={search_term_string}"},"query-input":{"@type":"PropertyValueSpecification","valueRequired":true,"valueName":"search_term_string"}}],"inLanguage":"en-US"},{"@type":"Organization","@id":"https:\/\/www.hgb.de\/#organization","name":"HGB","url":"https:\/\/www.hgb.de\/","logo":{"@type":"ImageObject","inLanguage":"en-US","@id":"https:\/\/www.hgb.de\/#\/schema\/logo\/image\/","url":"https:\/\/www.hgb.de\/wp-content\/uploads\/2022\/04\/logo.svg","contentUrl":"https:\/\/www.hgb.de\/wp-content\/uploads\/2022\/04\/logo.svg","width":80,"height":26,"caption":"HGB"},"image":{"@id":"https:\/\/www.hgb.de\/#\/schema\/logo\/image\/"},"sameAs":["https:\/\/x.com\/hgb_reporting","https:\/\/www.linkedin.com\/company\/hgb-hamburger-geschftsberichte-gmbh\/","https:\/\/www.xing.com\/pages\/hgbhamburgergeschaftsberichtegmbh-co-kg","https:\/\/www.instagram.com\/hgb_reporting\/"]}]}},"_links":{"self":[{"href":"https:\/\/www.hgb.de\/en\/wp-json\/wp\/v2\/pages\/1895","targetHints":{"allow":["GET"]}}],"collection":[{"href":"https:\/\/www.hgb.de\/en\/wp-json\/wp\/v2\/pages"}],"about":[{"href":"https:\/\/www.hgb.de\/en\/wp-json\/wp\/v2\/types\/page"}],"author":[{"embeddable":true,"href":"https:\/\/www.hgb.de\/en\/wp-json\/wp\/v2\/users\/7"}],"replies":[{"embeddable":true,"href":"https:\/\/www.hgb.de\/en\/wp-json\/wp\/v2\/comments?post=1895"}],"version-history":[{"count":1,"href":"https:\/\/www.hgb.de\/en\/wp-json\/wp\/v2\/pages\/1895\/revisions"}],"predecessor-version":[{"id":3541,"href":"https:\/\/www.hgb.de\/en\/wp-json\/wp\/v2\/pages\/1895\/revisions\/3541"}],"wp:featuredmedia":[{"embeddable":true,"href":"https:\/\/www.hgb.de\/en\/wp-json\/wp\/v2\/media\/3057"}],"wp:attachment":[{"href":"https:\/\/www.hgb.de\/en\/wp-json\/wp\/v2\/media?parent=1895"}],"curies":[{"name":"wp","href":"https:\/\/api.w.org\/{rel}","templated":true}]}}